
{"id":4348,"date":"2021-10-20T23:11:44","date_gmt":"2021-10-20T13:11:44","guid":{"rendered":"https:\/\/ucanstore.r6dev.com.au\/?page_id=4348"},"modified":"2021-12-16T10:21:33","modified_gmt":"2021-12-16T00:21:33","slug":"my-account","status":"publish","type":"page","link":"https:\/\/ucanstore.pt\/en\/locations\/sintra\/my-account\/","title":{"rendered":"Sintra My Account"},"content":{"rendered":"<p><div class=\"fusion-fullwidth fullwidth-box fusion-builder-row-1 fusion-flex-container fusion-parallax-none nonhundred-percent-fullwidth non-hundred-percent-height-scrolling banner_path_section packing_supplies rapidstor-single-page\" style=\"--awb-background-blend-mode:multiply;--awb-border-radius-top-left:0px;--awb-border-radius-top-right:0px;--awb-border-radius-bottom-right:0px;--awb-border-radius-bottom-left:0px;--awb-padding-top-small:0px;--awb-padding-right-small:0px;--awb-padding-bottom-small:50px;--awb-padding-left-small:0px;--awb-margin-bottom-small:0px;--awb-min-height:1080px;--awb-min-height-small:0px;--awb-background-color:rgba(0,0,0,0.41);--awb-background-image:url(&quot;https:\/\/ucanstore.r6dev.com.au\/wp-content\/uploads\/2021\/09\/packaging-tips.jpg&quot;);--awb-background-size:cover;--awb-flex-wrap:wrap;\" ><div class=\"fusion-builder-row fusion-row fusion-flex-align-items-flex-start fusion-flex-align-content-flex-end fusion-flex-content-wrap\" style=\"max-width:1248px;margin-left: calc(-4% \/ 2 );margin-right: calc(-4% \/ 2 );\"><div class=\"fusion-layout-column fusion_builder_column fusion-builder-column-0 fusion_builder_column_1_1 1_1 fusion-flex-column fusion-flex-align-self-center\" style=\"--awb-padding-bottom:60px;--awb-padding-bottom-small:0px;--awb-bg-size:cover;--awb-width-large:100%;--awb-margin-top-large:0px;--awb-spacing-right-large:1.92%;--awb-margin-bottom-large:0px;--awb-spacing-left-large:50px;--awb-width-medium:100%;--awb-order-medium:0;--awb-spacing-right-medium:1.92%;--awb-spacing-left-medium:50px;--awb-width-small:100%;--awb-order-small:0;--awb-spacing-right-small:1.92%;--awb-spacing-left-small:1.92%;\"><div class=\"fusion-column-wrapper fusion-column-has-shadow fusion-flex-justify-content-center fusion-content-layout-column\"><div class=\"fusion-builder-row fusion-builder-row-inner fusion-row fusion-flex-align-items-flex-start fusion-flex-align-content-flex-end fusion-flex-content-wrap\" style=\"--awb-flex-grow:0;--awb-flex-grow-medium:0;--awb-flex-grow-small:0;--awb-flex-shrink:0;--awb-flex-shrink-medium:0;--awb-flex-shrink-small:0;width:104% !important;max-width:104% !important;margin-left: calc(-4% \/ 2 );margin-right: calc(-4% \/ 2 );\"><div class=\"fusion-layout-column fusion_builder_column_inner fusion-builder-nested-column-0 fusion_builder_column_inner_1_1 1_1 fusion-flex-column mobile_image_banner\" style=\"--awb-bg-size:cover;--awb-width-large:100%;--awb-margin-top-large:0px;--awb-spacing-right-large:1.92%;--awb-margin-bottom-large:0px;--awb-spacing-left-large:1.92%;--awb-width-medium:100%;--awb-order-medium:0;--awb-spacing-right-medium:1.92%;--awb-spacing-left-medium:1.92%;--awb-width-small:100%;--awb-order-small:0;--awb-spacing-right-small:1.92%;--awb-spacing-left-small:1.92%;\"><div class=\"fusion-column-wrapper fusion-column-has-shadow fusion-flex-justify-content-flex-start fusion-content-layout-column\"><div class=\"fusion-image-element \" style=\"--awb-caption-title-font-family:var(--h2_typography-font-family);--awb-caption-title-font-weight:var(--h2_typography-font-weight);--awb-caption-title-font-style:var(--h2_typography-font-style);--awb-caption-title-size:var(--h2_typography-font-size);--awb-caption-title-transform:var(--h2_typography-text-transform);--awb-caption-title-line-height:var(--h2_typography-line-height);--awb-caption-title-letter-spacing:var(--h2_typography-letter-spacing);\"><span class=\" fusion-imageframe imageframe-none imageframe-1 hover-type-none\"><img decoding=\"async\" width=\"1756\" height=\"1080\" alt=\"Packaging Tips Banner\" title=\"Packaging Tips Banner\" src=\"https:\/\/ucanstore.r6dev.com.au\/wp-content\/uploads\/2021\/09\/Packaging-Tips-Banner.png\" class=\"img-responsive wp-image-565\" srcset=\"https:\/\/ucanstore.pt\/wp-content\/uploads\/2021\/09\/Packaging-Tips-Banner-200x123.png 200w, https:\/\/ucanstore.pt\/wp-content\/uploads\/2021\/09\/Packaging-Tips-Banner-400x246.png 400w, https:\/\/ucanstore.pt\/wp-content\/uploads\/2021\/09\/Packaging-Tips-Banner-600x369.png 600w, https:\/\/ucanstore.pt\/wp-content\/uploads\/2021\/09\/Packaging-Tips-Banner-800x492.png 800w, https:\/\/ucanstore.pt\/wp-content\/uploads\/2021\/09\/Packaging-Tips-Banner-1200x738.png 1200w, https:\/\/ucanstore.pt\/wp-content\/uploads\/2021\/09\/Packaging-Tips-Banner.png 1756w\" sizes=\"(max-width: 767px) 100vw, 1200px\" \/><\/span><\/div><\/div><\/div><div class=\"fusion-layout-column fusion_builder_column_inner fusion-builder-nested-column-1 fusion-flex-column\" style=\"--awb-padding-right-small:20px;--awb-padding-left-small:20px;--awb-bg-size:cover;--awb-width-large:35%;--awb-margin-top-large:0px;--awb-spacing-right-large:5.4857142857143%;--awb-margin-bottom-large:0px;--awb-spacing-left-large:0px;--awb-width-medium:35%;--awb-order-medium:0;--awb-spacing-right-medium:5.4857142857143%;--awb-spacing-left-medium:0px;--awb-width-small:100%;--awb-order-small:0;--awb-margin-top-small:-50px;--awb-spacing-right-small:1.92%;--awb-margin-bottom-small:0;--awb-spacing-left-small:1.92%;\"><div class=\"fusion-column-wrapper fusion-column-has-shadow fusion-flex-justify-content-flex-start fusion-content-layout-column\"><div class=\"fusion-image-element \" style=\"--awb-caption-title-font-family:var(--h2_typography-font-family);--awb-caption-title-font-weight:var(--h2_typography-font-weight);--awb-caption-title-font-style:var(--h2_typography-font-style);--awb-caption-title-size:var(--h2_typography-font-size);--awb-caption-title-transform:var(--h2_typography-text-transform);--awb-caption-title-line-height:var(--h2_typography-line-height);--awb-caption-title-letter-spacing:var(--h2_typography-letter-spacing);\"><span class=\" fusion-imageframe imageframe-none imageframe-2 hover-type-none\"><img decoding=\"async\" width=\"24\" height=\"36\" title=\"Subtraction 1\" src=\"https:\/\/ucanstore.pt\/wp-content\/uploads\/2021\/12\/Subtraction-1.svg\" alt class=\"img-responsive wp-image-4870\"\/><\/span><\/div><div class=\"fusion-title title fusion-title-1 fusion-sep-none fusion-title-text fusion-title-size-one\" style=\"--awb-margin-top:50px;--awb-margin-bottom:50px;--awb-margin-top-small:10px;--awb-margin-right-small:0px;--awb-margin-bottom-small:10px;--awb-margin-left-small:0px;\"><h1 class=\"fusion-title-heading title-heading-left\" style=\"margin:0;\">Pay<br \/>\nOnline<\/h1><\/div><div class=\"fusion-text fusion-text-1 fusion-text-no-margin\" style=\"--awb-font-size:24px;--awb-line-height:37px;--awb-text-color:#32689b;--awb-margin-bottom:20px;--awb-text-font-family:&quot;MuseoSans-700&quot;;--awb-text-font-style:normal;--awb-text-font-weight:400;\"><p>Select your nearest location from the menu below to start.<\/p>\n<\/div><\/div><\/div><div class=\"fusion-layout-column fusion_builder_column_inner fusion-builder-nested-column-2 fusion_builder_column_inner_1_2 1_2 fusion-flex-column\" style=\"--awb-bg-size:cover;--awb-width-large:50%;--awb-margin-top-large:0px;--awb-spacing-right-large:3.84%;--awb-margin-bottom-large:0px;--awb-spacing-left-large:3.84%;--awb-width-medium:50%;--awb-order-medium:0;--awb-spacing-right-medium:3.84%;--awb-spacing-left-medium:3.84%;--awb-width-small:100%;--awb-order-small:0;--awb-spacing-right-small:1.92%;--awb-spacing-left-small:1.92%;\"><div class=\"fusion-column-wrapper fusion-column-has-shadow fusion-flex-justify-content-flex-start fusion-content-layout-column\"><\/div><\/div><div class=\"fusion-layout-column fusion_builder_column_inner fusion-builder-nested-column-3 fusion_builder_column_inner_1_5 1_5 fusion-flex-column packing_supplies_block\" style=\"--awb-bg-size:cover;--awb-width-large:20%;--awb-margin-top-large:30px;--awb-spacing-right-large:9.6%;--awb-margin-bottom-large:30px;--awb-spacing-left-large:9.6%;--awb-width-medium:20%;--awb-order-medium:0;--awb-spacing-right-medium:9.6%;--awb-spacing-left-medium:9.6%;--awb-width-small:100%;--awb-order-small:0;--awb-spacing-right-small:1.92%;--awb-margin-bottom-small:0px;--awb-spacing-left-small:1.92%;\"><div class=\"fusion-column-wrapper fusion-column-has-shadow fusion-flex-justify-content-flex-start fusion-content-layout-column\">    \n    <form id=\"location_form\">\n      <select id=\"locations\" name=\"locations\">\n              <\/select>\n    <\/form>\n    \n    <\/div><\/div><div class=\"fusion-layout-column fusion_builder_column_inner fusion-builder-nested-column-4 fusion_builder_column_inner_1_4 1_4 fusion-flex-column fusion-flex-align-self-center location_image_wrapper\" style=\"--awb-padding-left:15px;--awb-bg-size:cover;--awb-width-large:25%;--awb-margin-top-large:0px;--awb-spacing-right-large:7.68%;--awb-margin-bottom-large:0px;--awb-spacing-left-large:7.68%;--awb-width-medium:25%;--awb-order-medium:0;--awb-spacing-right-medium:7.68%;--awb-spacing-left-medium:7.68%;--awb-width-small:100%;--awb-order-small:0;--awb-spacing-right-small:15px;--awb-spacing-left-small:15px;\"><div class=\"fusion-column-wrapper fusion-column-has-shadow fusion-flex-justify-content-flex-start fusion-content-layout-column\"><div class=\"fusion-image-element \" style=\"--awb-caption-title-font-family:var(--h2_typography-font-family);--awb-caption-title-font-weight:var(--h2_typography-font-weight);--awb-caption-title-font-style:var(--h2_typography-font-style);--awb-caption-title-size:var(--h2_typography-font-size);--awb-caption-title-transform:var(--h2_typography-text-transform);--awb-caption-title-line-height:var(--h2_typography-line-height);--awb-caption-title-letter-spacing:var(--h2_typography-letter-spacing);\"><span class=\" fusion-imageframe imageframe-none imageframe-3 hover-type-none location_image\"><img decoding=\"async\" width=\"24\" height=\"36\" title=\"Subtraction 1\" src=\"https:\/\/ucanstore.pt\/wp-content\/uploads\/2021\/12\/Subtraction-1.svg\" alt class=\"img-responsive wp-image-4870\"\/><\/span><\/div><div class=\"fusion-text fusion-text-2 fusion-text-no-margin myDivtext\" style=\"--awb-font-size:20px;--awb-line-height:24px;--awb-text-color:#32689b;--awb-margin-bottom:0px;--awb-text-font-family:&quot;MuseoSans-700&quot;;--awb-text-font-style:normal;--awb-text-font-weight:400;\" id=\"displayalberton\"><p>U CAN STORE \u2013 Sintra<\/p>\n<\/div><\/div><\/div><div class=\"fusion-layout-column fusion_builder_column_inner fusion-builder-nested-column-5 fusion_builder_column_inner_1_5 1_5 fusion-flex-column fusion-flex-align-self-center\" style=\"--awb-bg-size:cover;--awb-width-large:20%;--awb-margin-top-large:0px;--awb-spacing-right-large:9.6%;--awb-margin-bottom-large:0px;--awb-spacing-left-large:9.6%;--awb-width-medium:20%;--awb-order-medium:0;--awb-spacing-right-medium:9.6%;--awb-spacing-left-medium:9.6%;--awb-width-small:100%;--awb-order-small:0;--awb-spacing-right-small:15px;--awb-spacing-left-small:15px;\"><div class=\"fusion-column-wrapper fusion-column-has-shadow fusion-flex-justify-content-center fusion-content-layout-column\"><div style=\"text-align:center;\"><a class=\"fusion-button button-flat fusion-button-default-size button-default fusion-button-default button-1 fusion-button-default-span fusion-button-default-type\" target=\"_self\" href=\"tel:0825215866\" id=\"buttonalberton\"><span class=\"fusion-button-text awb-button__text awb-button__text--default\">call us now<\/span><\/a><\/div><\/div><\/div><\/div><\/div><\/div><\/div><\/div><div class=\"fusion-fullwidth fullwidth-box fusion-builder-row-2 fusion-flex-container nonhundred-percent-fullwidth non-hundred-percent-height-scrolling location_storage_text\" style=\"--awb-border-radius-top-left:0px;--awb-border-radius-top-right:0px;--awb-border-radius-bottom-right:0px;--awb-border-radius-bottom-left:0px;--awb-padding-right-small:20px;--awb-padding-left-small:20px;--awb-margin-top:60px;--awb-margin-bottom:60px;--awb-margin-top-medium:50px;--awb-margin-bottom-medium:50px;--awb-margin-top-small:50px;--awb-margin-bottom-small:50px;--awb-flex-wrap:wrap;\" ><div class=\"fusion-builder-row fusion-row fusion-flex-align-items-flex-start fusion-flex-content-wrap\" style=\"max-width:1248px;margin-left: calc(-4% \/ 2 );margin-right: calc(-4% \/ 2 );\"><div class=\"fusion-layout-column fusion_builder_column fusion-builder-column-1 fusion_builder_column_1_1 1_1 fusion-flex-column\" style=\"--awb-bg-size:cover;--awb-width-large:100%;--awb-margin-top-large:0px;--awb-spacing-right-large:1.92%;--awb-margin-bottom-large:0px;--awb-spacing-left-large:1.92%;--awb-width-medium:100%;--awb-order-medium:0;--awb-spacing-right-medium:1.92%;--awb-spacing-left-medium:1.92%;--awb-width-small:100%;--awb-order-small:1;--awb-spacing-right-small:1.92%;--awb-spacing-left-small:1.92%;\"><div class=\"fusion-column-wrapper fusion-column-has-shadow fusion-flex-justify-content-flex-start fusion-content-layout-column\"><div class=\"fusion-builder-row fusion-builder-row-inner fusion-row fusion-flex-align-items-flex-start fusion-flex-content-wrap\" style=\"--awb-flex-grow:0;--awb-flex-grow-medium:0;--awb-flex-grow-small:0;--awb-flex-shrink:0;--awb-flex-shrink-medium:0;--awb-flex-shrink-small:0;width:104% !important;max-width:104% !important;margin-left: calc(-4% \/ 2 );margin-right: calc(-4% \/ 2 );\"><div class=\"fusion-layout-column fusion_builder_column_inner fusion-builder-nested-column-6 fusion_builder_column_inner_2_5 2_5 fusion-flex-column right_storage\" style=\"--awb-padding-right-medium:0px;--awb-bg-size:cover;--awb-width-large:40%;--awb-margin-top-large:0px;--awb-spacing-right-large:4.8%;--awb-margin-bottom-large:0px;--awb-spacing-left-large:4.8%;--awb-width-medium:40%;--awb-order-medium:0;--awb-spacing-right-medium:0%;--awb-spacing-left-medium:4.8%;--awb-width-small:100%;--awb-order-small:1;--awb-spacing-right-small:1.92%;--awb-spacing-left-small:1.92%;\"><div class=\"fusion-column-wrapper fusion-column-has-shadow fusion-flex-justify-content-flex-start fusion-content-layout-column\"><div class=\"fusion-title title fusion-title-2 fusion-sep-none fusion-title-text fusion-title-size-two storage_heading\" style=\"--awb-text-color:#575757;--awb-margin-bottom:0px;--awb-margin-top-small:10px;--awb-margin-right-small:0px;--awb-margin-bottom-small:10px;--awb-margin-left-small:0px;--awb-font-size:38px;\"><h2 class=\"fusion-title-heading title-heading-left\" style=\"font-family:&quot;MuseoSans-700&quot;;font-style:normal;font-weight:400;margin:0;font-size:1em;line-height:45px;\">Vamos ajudar voc\u00ea a encontrar a op\u00e7\u00e3o de armazenamento certa<\/h2><\/div><div class=\"fusion-text fusion-text-3 fusion-text-no-margin storage_content\" style=\"--awb-font-size:20px;--awb-margin-top:20px;--awb-margin-bottom:10px;\"><p>Nossas unidades de armazenamento variam de espa\u00e7os pequenos a garagens fechadas. Use nosso pr\u00e1tico guia de tamanhos ou entre em contato com nossa equipe atenciosa para encontrar o tamanho ideal para voc\u00ea.<\/p>\n<\/div><div class=\"sm-text-align-center\"><a class=\"fusion-button button-flat fusion-button-default-size button-default fusion-button-default button-2 fusion-button-default-span fusion-button-default-type\" style=\"--button_margin-top:20px;\" target=\"_self\" href=\"https:\/\/ucanstore.pt\/en\/sizing-guide\/\"><span class=\"fusion-button-text awb-button__text awb-button__text--default\">GUIA DE TAMANHOS<\/span><\/a><\/div><\/div><\/div><div class=\"fusion-layout-column fusion_builder_column_inner fusion-builder-nested-column-7 fusion_builder_column_inner_3_5 3_5 fusion-flex-column\" style=\"--awb-padding-left-medium:0px;--awb-bg-size:cover;--awb-width-large:60%;--awb-margin-top-large:0px;--awb-spacing-right-large:3.2%;--awb-margin-bottom-large:0px;--awb-spacing-left-large:3.2%;--awb-width-medium:50%;--awb-order-medium:0;--awb-spacing-right-medium:3.84%;--awb-spacing-left-medium:5.952%;--awb-width-small:100%;--awb-order-small:0;--awb-spacing-right-small:1.92%;--awb-spacing-left-small:1.92%;\"><div class=\"fusion-column-wrapper fusion-column-has-shadow fusion-flex-justify-content-flex-start fusion-content-layout-column\"><div class=\"fusion-image-element \" style=\"text-align:center;--awb-caption-title-font-family:var(--h2_typography-font-family);--awb-caption-title-font-weight:var(--h2_typography-font-weight);--awb-caption-title-font-style:var(--h2_typography-font-style);--awb-caption-title-size:var(--h2_typography-font-size);--awb-caption-title-transform:var(--h2_typography-text-transform);--awb-caption-title-line-height:var(--h2_typography-line-height);--awb-caption-title-letter-spacing:var(--h2_typography-letter-spacing);\"><span class=\" fusion-imageframe imageframe-none imageframe-4 hover-type-none measurement_image\"><img decoding=\"async\" width=\"788\" height=\"480\" title=\"measurement\" src=\"https:\/\/ucanstorept.r6d.dev\/wp-content\/uploads\/2021\/09\/measurement.jpg\" alt class=\"img-responsive wp-image-782\" srcset=\"https:\/\/ucanstore.pt\/wp-content\/uploads\/2021\/09\/measurement-200x122.jpg 200w, https:\/\/ucanstore.pt\/wp-content\/uploads\/2021\/09\/measurement-400x244.jpg 400w, https:\/\/ucanstore.pt\/wp-content\/uploads\/2021\/09\/measurement-600x365.jpg 600w, https:\/\/ucanstore.pt\/wp-content\/uploads\/2021\/09\/measurement.jpg 788w\" sizes=\"(max-width: 767px) 100vw, 788px\" \/><\/span><\/div><\/div><\/div><\/div><\/div><\/div><\/div><\/div>\n<\/p>\n","protected":false},"excerpt":{"rendered":"","protected":false},"author":0,"featured_media":0,"parent":41,"menu_order":0,"comment_status":"closed","ping_status":"closed","template":"100-width.php","meta":{"_acf_changed":false,"content-type":"","footnotes":""},"class_list":["post-4348","page","type-page","status-publish","hentry"],"acf":[],"yoast_head":"<!-- This site is optimized with the Yoast SEO plugin v27.3 - https:\/\/yoast.com\/product\/yoast-seo-wordpress\/ -->\n<title>Sintra My Account - U Can Store<\/title>\n<meta name=\"robots\" content=\"index, follow, max-snippet:-1, max-image-preview:large, max-video-preview:-1\" \/>\n<link rel=\"canonical\" href=\"https:\/\/ucanstore.pt\/en\/locations\/sintra\/my-account\/\" \/>\n<meta property=\"og:locale\" content=\"en_US\" \/>\n<meta property=\"og:type\" content=\"article\" \/>\n<meta property=\"og:title\" content=\"Sintra My Account - U Can Store\" \/>\n<meta property=\"og:url\" content=\"https:\/\/ucanstore.pt\/en\/locations\/sintra\/my-account\/\" \/>\n<meta property=\"og:site_name\" content=\"U Can Store\" \/>\n<meta property=\"article:modified_time\" content=\"2021-12-16T00:21:33+00:00\" \/>\n<meta name=\"twitter:card\" content=\"summary_large_image\" \/>\n<meta name=\"twitter:label1\" content=\"Est. reading time\" \/>\n\t<meta name=\"twitter:data1\" content=\"10 minutes\" \/>\n<script type=\"application\/ld+json\" class=\"yoast-schema-graph\">{\"@context\":\"https:\\\/\\\/schema.org\",\"@graph\":[{\"@type\":\"WebPage\",\"@id\":\"https:\\\/\\\/ucanstore.pt\\\/en\\\/locations\\\/sintra\\\/my-account\\\/\",\"url\":\"https:\\\/\\\/ucanstore.pt\\\/en\\\/locations\\\/sintra\\\/my-account\\\/\",\"name\":\"Sintra My Account - U Can Store\",\"isPartOf\":{\"@id\":\"https:\\\/\\\/ucanstore.pt\\\/en\\\/#website\"},\"datePublished\":\"2021-10-20T13:11:44+00:00\",\"dateModified\":\"2021-12-16T00:21:33+00:00\",\"breadcrumb\":{\"@id\":\"https:\\\/\\\/ucanstore.pt\\\/en\\\/locations\\\/sintra\\\/my-account\\\/#breadcrumb\"},\"inLanguage\":\"en-US\",\"potentialAction\":[{\"@type\":\"ReadAction\",\"target\":[\"https:\\\/\\\/ucanstore.pt\\\/en\\\/locations\\\/sintra\\\/my-account\\\/\"]}]},{\"@type\":\"BreadcrumbList\",\"@id\":\"https:\\\/\\\/ucanstore.pt\\\/en\\\/locations\\\/sintra\\\/my-account\\\/#breadcrumb\",\"itemListElement\":[{\"@type\":\"ListItem\",\"position\":1,\"name\":\"Home\",\"item\":\"https:\\\/\\\/ucanstore.pt\\\/en\\\/\"},{\"@type\":\"ListItem\",\"position\":2,\"name\":\"Locations\",\"item\":\"https:\\\/\\\/ucanstore.pt\\\/en\\\/locations\\\/\"},{\"@type\":\"ListItem\",\"position\":3,\"name\":\"Sintra\",\"item\":\"https:\\\/\\\/ucanstore.pt\\\/en\\\/locations\\\/sintra\\\/\"},{\"@type\":\"ListItem\",\"position\":4,\"name\":\"Sintra My Account\"}]},{\"@type\":\"WebSite\",\"@id\":\"https:\\\/\\\/ucanstore.pt\\\/en\\\/#website\",\"url\":\"https:\\\/\\\/ucanstore.pt\\\/en\\\/\",\"name\":\"U Can Store\",\"description\":\"Just another WordPress site\",\"potentialAction\":[{\"@type\":\"SearchAction\",\"target\":{\"@type\":\"EntryPoint\",\"urlTemplate\":\"https:\\\/\\\/ucanstore.pt\\\/en\\\/?s={search_term_string}\"},\"query-input\":{\"@type\":\"PropertyValueSpecification\",\"valueRequired\":true,\"valueName\":\"search_term_string\"}}],\"inLanguage\":\"en-US\"}]}<\/script>\n<!-- \/ Yoast SEO plugin. -->","yoast_head_json":{"title":"Sintra My Account - U Can Store","robots":{"index":"index","follow":"follow","max-snippet":"max-snippet:-1","max-image-preview":"max-image-preview:large","max-video-preview":"max-video-preview:-1"},"canonical":"https:\/\/ucanstore.pt\/en\/locations\/sintra\/my-account\/","og_locale":"en_US","og_type":"article","og_title":"Sintra My Account - U Can Store","og_url":"https:\/\/ucanstore.pt\/en\/locations\/sintra\/my-account\/","og_site_name":"U Can Store","article_modified_time":"2021-12-16T00:21:33+00:00","twitter_card":"summary_large_image","twitter_misc":{"Est. reading time":"10 minutes"},"schema":{"@context":"https:\/\/schema.org","@graph":[{"@type":"WebPage","@id":"https:\/\/ucanstore.pt\/en\/locations\/sintra\/my-account\/","url":"https:\/\/ucanstore.pt\/en\/locations\/sintra\/my-account\/","name":"Sintra My Account - U Can Store","isPartOf":{"@id":"https:\/\/ucanstore.pt\/en\/#website"},"datePublished":"2021-10-20T13:11:44+00:00","dateModified":"2021-12-16T00:21:33+00:00","breadcrumb":{"@id":"https:\/\/ucanstore.pt\/en\/locations\/sintra\/my-account\/#breadcrumb"},"inLanguage":"en-US","potentialAction":[{"@type":"ReadAction","target":["https:\/\/ucanstore.pt\/en\/locations\/sintra\/my-account\/"]}]},{"@type":"BreadcrumbList","@id":"https:\/\/ucanstore.pt\/en\/locations\/sintra\/my-account\/#breadcrumb","itemListElement":[{"@type":"ListItem","position":1,"name":"Home","item":"https:\/\/ucanstore.pt\/en\/"},{"@type":"ListItem","position":2,"name":"Locations","item":"https:\/\/ucanstore.pt\/en\/locations\/"},{"@type":"ListItem","position":3,"name":"Sintra","item":"https:\/\/ucanstore.pt\/en\/locations\/sintra\/"},{"@type":"ListItem","position":4,"name":"Sintra My Account"}]},{"@type":"WebSite","@id":"https:\/\/ucanstore.pt\/en\/#website","url":"https:\/\/ucanstore.pt\/en\/","name":"U Can Store","description":"Just another WordPress site","potentialAction":[{"@type":"SearchAction","target":{"@type":"EntryPoint","urlTemplate":"https:\/\/ucanstore.pt\/en\/?s={search_term_string}"},"query-input":{"@type":"PropertyValueSpecification","valueRequired":true,"valueName":"search_term_string"}}],"inLanguage":"en-US"}]}},"_links":{"self":[{"href":"https:\/\/ucanstore.pt\/en\/wp-json\/wp\/v2\/pages\/4348","targetHints":{"allow":["GET"]}}],"collection":[{"href":"https:\/\/ucanstore.pt\/en\/wp-json\/wp\/v2\/pages"}],"about":[{"href":"https:\/\/ucanstore.pt\/en\/wp-json\/wp\/v2\/types\/page"}],"replies":[{"embeddable":true,"href":"https:\/\/ucanstore.pt\/en\/wp-json\/wp\/v2\/comments?post=4348"}],"version-history":[{"count":19,"href":"https:\/\/ucanstore.pt\/en\/wp-json\/wp\/v2\/pages\/4348\/revisions"}],"predecessor-version":[{"id":5367,"href":"https:\/\/ucanstore.pt\/en\/wp-json\/wp\/v2\/pages\/4348\/revisions\/5367"}],"up":[{"embeddable":true,"href":"https:\/\/ucanstore.pt\/en\/wp-json\/wp\/v2\/pages\/41"}],"wp:attachment":[{"href":"https:\/\/ucanstore.pt\/en\/wp-json\/wp\/v2\/media?parent=4348"}],"curies":[{"name":"wp","href":"https:\/\/api.w.org\/{rel}","templated":true}]}}